{"id":18,"date":"2021-03-01T11:55:36","date_gmt":"2021-03-01T14:55:36","guid":{"rendered":"https:\/\/alfuego.com.ar\/site\/?page_id=18"},"modified":"2025-09-18T14:33:23","modified_gmt":"2025-09-18T17:33:23","slug":"franquicias","status":"publish","type":"page","link":"https:\/\/www.alfuego.com.ar\/site\/franquicias\/","title":{"rendered":"Franquicias"},"content":{"rendered":"<div class=\"wpb-content-wrapper\"><p>[vc_row type=\u00bbvc_default\u00bb full_width=\u00bbstretch_row\u00bb content_placement=\u00bbbottom\u00bb bg_type=\u00bbimage\u00bb bg_override=\u00bbfull\u00bb el_class=\u00bbstripe_header\u00bb css=\u00bb.vc_custom_1616095812430{background-image: url(https:\/\/alfuego.com.ar\/site\/wp-content\/uploads\/2021\/03\/header_franquicias3.jpg?id=551) !important;background-position: center !important;background-repeat: no-repeat !important;background-size: cover !important;}\u00bb][vc_column][vc_single_image image=\u00bb1429&#8243; img_size=\u00bbfull\u00bb alignment=\u00bbcenter\u00bb css=\u00bb\u00bb image_hovers=\u00bbfalse\u00bb][vc_empty_space height=\u00bb100px\u00bb][vc_column_text]<\/p>\n<h1><span class=\"main\">FRANQUICIAS<\/span><span class=\"sub\">AL FUEGO<\/span><\/h1>\n<p>[\/vc_column_text][\/vc_column][\/vc_row][vc_row type=\u00bbvc_default\u00bb full_width=\u00bbstretch_row\u00bb content_placement=\u00bbtop\u00bb el_class=\u00bbfranquicias_presentacion\u00bb css=\u00bb.vc_custom_1615997965886{background-image: url(https:\/\/alfuego.com.ar\/site\/wp-content\/uploads\/2021\/03\/franquicias_presentation_bg.jpg?id=172) !important;background-position: center !important;background-repeat: no-repeat !important;background-size: cover !important;}\u00bb][vc_column][vc_column_text css=\u00bb\u00bb]A\u00f1os de desarrollo, crecimiento y perfeccionamiento en la materia, impulsaron a una nueva generaci\u00f3n a participar del rubro de mayor escala en la industria frigor\u00edfica, la faena y producci\u00f3n de cortes c\u00e1rnicos bovinos y porcinos enfriados y\/o congelados para consumo local y externo.<\/p>\n<p>Desde el marcado enfoque industrial hemos decidido sellar la cadena de valor del negocio con integraciones verticales hacia adelanta y hacia atr\u00e1s, para mantener por siempre la llama viva de lo que m\u00e1s nos gusta, alimentarnos con el m\u00e1s noble y proteico de los productos, los que m\u00e1s nos relacionan a nuestra tierra, a nuestra historia; <strong>la carne<\/strong>.<\/p>\n<p><strong>Franquicias Al Fuego<\/strong>\u00a0es el corolario de esta historia llegando al consumidor de manera directa, sin escalas, destacando la trazabilidad y sanidad alimentaria, la estandarizaci\u00f3n y la competitividad para reunir una oferta transparente que fidelice la relaci\u00f3n con el cliente.[\/vc_column_text][vc_column_text]<\/p>\n<h2>BENEFICIOS DE UNA FRANQUICIA<\/h2>\n<p>[\/vc_column_text][vc_column_text]<\/p>\n<p class=\"big\">Uno de los principales beneficios de la franquicia, son los acuerdos con proveedores que el franquiciante transfiere durante la vigencia del contrato a sus franquiciados, los cuales, a su vez, ser\u00e1n obligatorios.<\/p>\n<p>[\/vc_column_text][vc_column_text]Los siguientes productos forman parte de los comercializados en nuestros locales:[\/vc_column_text][vc_column_text css=\u00bb\u00bb el_class=\u00bbfancy_ul\u00bb]<\/p>\n<ul>\n<li>Carnes vacuna; <strong><em>Carnes Pampeanas S.A.<\/em><\/strong><\/li>\n<li>Embutidos<\/li>\n<li>Quesos y L\u00e1cteos<\/li>\n<li>Carb\u00f3n<\/li>\n<li>Le\u00f1a<\/li>\n<li>Carnes porcinas<\/li>\n<li>Verduras<\/li>\n<li>Panificados<\/li>\n<li>Postres<\/li>\n<li>Vinos<\/li>\n<li>Cervezas<\/li>\n<li>Aperitivos<\/li>\n<li>Delicatessen y Conservas<\/li>\n<\/ul>\n<p>[\/vc_column_text][\/vc_column][\/vc_row][vc_row type=\u00bbvc_default\u00bb full_width=\u00bbstretch_row\u00bb el_class=\u00bbfranquicias_asistencia\u00bb][vc_column][vc_column_text]<\/p>\n<h2>ASISTENCIA AL FRANQUICIADO<\/h2>\n<p>[\/vc_column_text][vc_column_text css=\u00bb\u00bb]<strong>Franquicias Al Fuego<\/strong>\u00a0proporcionar\u00e1 a terceros el derecho de vender productos utilizando su <strong>marca<\/strong> y su <strong>sistema de operaci\u00f3n<\/strong>, el cual comprende todos los est\u00e1ndares de operaci\u00f3n: imagen, calidad de servicio, productos, recetas, publicidad, limpieza, etc. Todo esto resguardado mediante un contrato por un plazo determinado y un manual de operaciones.<br \/>\n<strong>Abastecimiento de Carnes Vacunas del ciclo 1 y 2 con trazabilidad certificada que garantizan m\u00e1xima seguridad, frescura y calidad<\/strong> en nuestros cortes y todo lo que se necesita para atender las requerimientos de nuestros clientes en su experiencia gastron\u00f3mica. Aseguramos nuestra calidad siendo un establecimiento habilitado por SENASA y cumpliendo rigurosamente con las normas ISO 9001.[\/vc_column_text][vc_column_text]<\/p>\n<p class=\"big\">OFRECEMOS&#8230;<\/p>\n<p>[\/vc_column_text][vc_raw_html]JTNDZGl2JTIwY2xhc3MlM0QlMjJ0ZWFzZXJzJTIyJTNFJTBBJTA5JTNDZGl2JTIwY2xhc3MlM0QlMjJ0ZWFzZXIlMjIlM0UlMEElMDklMDklM0NpbWclMjBzcmMlM0QlMjJodHRwJTNBJTJGJTJGYWxmdWVnby5jb20uYXIlMkZzaXRlJTJGd3AtY29udGVudCUyRnVwbG9hZHMlMkYyMDIxJTJGMDMlMkZmcmFucV9hc2lzLTAxLnBuZyUyMiUyMGFsdCUzRCUyMiUyMiUyMCUyRiUzRSUwQSUwOSUwOSUzQ2RpdiUyMGNsYXNzJTNEJTIydGVhc2VyX3RpdGxlJTIyJTNFQ2FwYWNpdGFjaSVDMyVCM24lMjBpbmljaWFsJTIweSUyMHBlcm1hbmVudGUlM0MlMkZkaXYlM0UlMEElMDklM0MlMkZkaXYlM0UlMEElMDklM0NkaXYlMjBjbGFzcyUzRCUyMnRlYXNlciUyMiUzRSUwQSUwOSUwOSUzQ2ltZyUyMHNyYyUzRCUyMmh0dHAlM0ElMkYlMkZhbGZ1ZWdvLmNvbS5hciUyRnNpdGUlMkZ3cC1jb250ZW50JTJGdXBsb2FkcyUyRjIwMjElMkYwMyUyRmZyYW5xX2FzaXMtMDIucG5nJTIyJTIwYWx0JTNEJTIyJTIyJTIwJTJGJTNFJTBBJTA5JTA5JTNDZGl2JTIwY2xhc3MlM0QlMjJ0ZWFzZXJfdGl0bGUlMjIlM0VBYmFzdGVjaW1pZW50byUzQyUyRmRpdiUzRSUwQSUwOSUzQyUyRmRpdiUzRSUwQSUwOSUzQ2RpdiUyMGNsYXNzJTNEJTIydGVhc2VyJTIyJTNFJTBBJTA5JTA5JTNDaW1nJTIwc3JjJTNEJTIyaHR0cCUzQSUyRiUyRmFsZnVlZ28uY29tLmFyJTJGc2l0ZSUyRndwLWNvbnRlbnQlMkZ1cGxvYWRzJTJGMjAyMSUyRjAzJTJGZnJhbnFfYXNpcy0wMy5wbmclMjIlMjBhbHQlM0QlMjIlMjIlMjAlMkYlM0UlMEElMDklMDklM0NkaXYlMjBjbGFzcyUzRCUyMnRlYXNlcl90aXRsZSUyMiUzRU1hbnVhbCUyMGludGVncmFsJTIwZGUlMjBvcGVyYWNpb25lcyUzQyUyRmRpdiUzRSUwQSUwOSUzQyUyRmRpdiUzRSUwQSUwOSUzQ2RpdiUyMGNsYXNzJTNEJTIydGVhc2VyJTIyJTNFJTBBJTA5JTA5JTNDaW1nJTIwc3JjJTNEJTIyaHR0cCUzQSUyRiUyRmFsZnVlZ28uY29tLmFyJTJGc2l0ZSUyRndwLWNvbnRlbnQlMkZ1cGxvYWRzJTJGMjAyMSUyRjAzJTJGZnJhbnFfYXNpcy0wNC5wbmclMjIlMjBhbHQlM0QlMjIlMjIlMjAlMkYlM0UlMEElMDklMDklM0NkaXYlMjBjbGFzcyUzRCUyMnRlYXNlcl90aXRsZSUyMiUzRUFjdWVyZG8lMjBjb24lMjBwcm92ZWVkb3JlcyUzQyUyRmRpdiUzRSUwQSUwOSUzQyUyRmRpdiUzRSUwQSUwOSUzQ2RpdiUyMGNsYXNzJTNEJTIydGVhc2VyJTIyJTNFJTBBJTA5JTA5JTNDaW1nJTIwc3JjJTNEJTIyaHR0cCUzQSUyRiUyRmFsZnVlZ28uY29tLmFyJTJGc2l0ZSUyRndwLWNvbnRlbnQlMkZ1cGxvYWRzJTJGMjAyMSUyRjAzJTJGZnJhbnFfYXNpcy0wNS5wbmclMjIlMjBhbHQlM0QlMjIlMjIlMjAlMkYlM0UlMEElMDklMDklM0NkaXYlMjBjbGFzcyUzRCUyMnRlYXNlcl90aXRsZSUyMiUzRUltYWdlbiUyMHklMjBsYXlvdXQlMjBkZSUyMGxvY2FsZXMlM0MlMkZkaXYlM0UlMEElMDklM0MlMkZkaXYlM0UlMEElMDklM0NkaXYlMjBjbGFzcyUzRCUyMnRlYXNlciUyMiUzRSUwQSUwOSUwOSUzQ2ltZyUyMHNyYyUzRCUyMmh0dHAlM0ElMkYlMkZhbGZ1ZWdvLmNvbS5hciUyRnNpdGUlMkZ3cC1jb250ZW50JTJGdXBsb2FkcyUyRjIwMjElMkYwMyUyRmZyYW5xX2FzaXMtMDYucG5nJTIyJTIwYWx0JTNEJTIyJTIyJTIwJTJGJTNFJTBBJTA5JTA5JTNDZGl2JTIwY2xhc3MlM0QlMjJ0ZWFzZXJfdGl0bGUlMjIlM0VQb2wlQzMlQUR0aWNhcyUyMGRlJTIwcHJlY2lvcyUyMHklMjBwcm9tb2Npb25lcyUzQyUyRmRpdiUzRSUwQSUwOSUzQyUyRmRpdiUzRSUwQSUwOSUzQ2RpdiUyMGNsYXNzJTNEJTIydGVhc2VyJTIyJTNFJTBBJTA5JTA5JTNDaW1nJTIwc3JjJTNEJTIyaHR0cCUzQSUyRiUyRmFsZnVlZ28uY29tLmFyJTJGc2l0ZSUyRndwLWNvbnRlbnQlMkZ1cGxvYWRzJTJGMjAyMSUyRjAzJTJGZnJhbnFfYXNpcy0wNy5wbmclMjIlMjBhbHQlM0QlMjIlMjIlMjAlMkYlM0UlMEElMDklMDklM0NkaXYlMjBjbGFzcyUzRCUyMnRlYXNlcl90aXRsZSUyMiUzRU1hcmtldGluZyUyMGNlbnRyYWxpemFkbyUzQyUyRmRpdiUzRSUwQSUwOSUzQyUyRmRpdiUzRSUwQSUwOSUzQ2RpdiUyMGNsYXNzJTNEJTIydGVhc2VyJTIyJTNFJTBBJTA5JTA5JTNDaW1nJTIwc3JjJTNEJTIyaHR0cCUzQSUyRiUyRmFsZnVlZ28uY29tLmFyJTJGc2l0ZSUyRndwLWNvbnRlbnQlMkZ1cGxvYWRzJTJGMjAyMSUyRjAzJTJGZnJhbnFfYXNpcy0wOC5wbmclMjIlMjBhbHQlM0QlMjIlMjIlMjAlMkYlM0UlMEElMDklMDklM0NkaXYlMjBjbGFzcyUzRCUyMnRlYXNlcl90aXRsZSUyMiUzRUFzaXN0ZW5jaWElMjBjb250aW51YSUzQyUyRmRpdiUzRSUwQSUwOSUzQyUyRmRpdiUzRSUwQSUwOSUzQ2RpdiUyMGNsYXNzJTNEJTIydGVhc2VyJTIyJTNFJTBBJTA5JTA5JTNDaW1nJTIwc3JjJTNEJTIyaHR0cCUzQSUyRiUyRmFsZnVlZ28uY29tLmFyJTJGc2l0ZSUyRndwLWNvbnRlbnQlMkZ1cGxvYWRzJTJGMjAyMSUyRjAzJTJGZnJhbnFfYXNpcy0wOS5wbmclMjIlMjBhbHQlM0QlMjIlMjIlMjAlMkYlM0UlMEElMDklMDklM0NkaXYlMjBjbGFzcyUzRCUyMnRlYXNlcl90aXRsZSUyMiUzRVNvZnR3YXJlJTIwZGUlMjBnZXN0aSVDMyVCM24lM0MlMkZkaXYlM0UlMEElMDklM0MlMkZkaXYlM0UlMEElMDklM0NkaXYlMjBjbGFzcyUzRCUyMnRlYXNlciUyMiUzRSUwQSUwOSUwOSUzQ2ltZyUyMHNyYyUzRCUyMmh0dHAlM0ElMkYlMkZhbGZ1ZWdvLmNvbS5hciUyRnNpdGUlMkZ3cC1jb250ZW50JTJGdXBsb2FkcyUyRjIwMjElMkYwMyUyRmZyYW5xX2FzaXMtcGx1cy5wbmclMjIlMjBhbHQlM0QlMjIlMjIlMjAlMkYlM0UlMEElMDklMDklM0NkaXYlMjBjbGFzcyUzRCUyMnRlYXNlcl90aXRsZSUyMiUzRSUzQyUyRmRpdiUzRSUwQSUwOSUzQyUyRmRpdiUzRSUwQSUzQyUyRmRpdiUzRQ==[\/vc_raw_html][\/vc_column][\/vc_row][vc_row type=\u00bbvc_default\u00bb full_width=\u00bbstretch_row\u00bb el_class=\u00bbfranquicias_ventajas\u00bb][vc_column][vc_column_text]<\/p>\n<h2>VENTAJAS DEL RETAIL<\/h2>\n<p>[\/vc_column_text][vc_column_text el_class=\u00bbfancy_ul\u00bb]<\/p>\n<ul>\n<li>Mercader\u00eda proveniente de establecimientos habilitados para exportaci\u00f3n, lo que garantiza elevados estandares de normas HACCP, Sanitarias e industriales.<\/li>\n<li>Producto estandar y regular.<\/li>\n<li>Conservaci\u00f3n y Frescura. Cadena de fr\u00edo asegurada.<\/li>\n<li>Ciclo 1 y 2 consolidados. Trazabilidad asegurada.<\/li>\n<li>Mayor durabilidad de productos.<\/li>\n<li>Simplificaci\u00f3n log\u00edstica de descarga y expendio.<\/li>\n<li>Sistema de venta con peso, rapidez y agilidad.<\/li>\n<li>Personal Capacitado previamente. Sin necesidad de Carniceros de oficio.<\/li>\n<\/ul>\n<p>[\/vc_column_text][\/vc_column][\/vc_row][vc_row type=\u00bbvc_default\u00bb full_width=\u00bbstretch_row\u00bb el_class=\u00bbfranquicias_unite\u00bb][vc_column][vc_raw_html]JTNDYSUyMGNsYXNzJTNEJTIyZm9ybV9hbmNob3IlMjIlMjBuYW1lJTNEJTIyZm9ybV9mcmFucXVpY2lhcyUyMiUzRSUzQyUyRmElM0U=[\/vc_raw_html][vc_column_text]<\/p>\n<h2>UNITE A NOSOTROS<\/h2>\n<p>[\/vc_column_text][vc_column_text]<\/p>\n<h3>\u00bfEST\u00c1S INTERESADO EN TENER TU PROPIA FRANQUICIA?<\/h3>\n<p>[\/vc_column_text][vc_column_text]Dejanos tu mail y nosotros te contactaremos para informarte sobre todos los detalles.[\/vc_column_text][vc_column_text]<\/p>\n<div class=\"form_franquicias\">\n<div class=\"wpcf7 no-js\" id=\"wpcf7-f4-o1\" lang=\"es-ES\" dir=\"ltr\" data-wpcf7-id=\"4\">\n<div class=\"screen-reader-response\"><p role=\"status\" aria-live=\"polite\" aria-atomic=\"true\"><\/p> <ul><\/ul><\/div>\n<form action=\"\/site\/wp-json\/wp\/v2\/pages\/18#wpcf7-f4-o1\" method=\"post\" class=\"wpcf7-form init\" aria-label=\"Formulario de contacto\" novalidate=\"novalidate\" data-status=\"init\">\n<fieldset class=\"hidden-fields-container\"><input type=\"hidden\" name=\"_wpcf7\" value=\"4\" \/><input type=\"hidden\" name=\"_wpcf7_version\" value=\"6.1.5\" \/><input type=\"hidden\" name=\"_wpcf7_locale\" value=\"es_ES\" \/><input type=\"hidden\" name=\"_wpcf7_unit_tag\" value=\"wpcf7-f4-o1\" \/><input type=\"hidden\" name=\"_wpcf7_container_post\" value=\"0\" \/><input type=\"hidden\" name=\"_wpcf7_posted_data_hash\" value=\"\" \/>\n<\/fieldset>\n<div class=\"row\">\n\t<div class=\"form-group col_05\">\n\t\t<p><span class=\"wpcf7-form-control-wrap\" data-name=\"your-name\"><input size=\"40\" maxlength=\"400\" class=\"wpcf7-form-control wpcf7-text wpcf7-validates-as-required\" id=\"franquicias_form_name\" aria-required=\"true\" aria-invalid=\"false\" placeholder=\"Tu nombre *\" value=\"\" type=\"text\" name=\"your-name\" \/><\/span>\n\t\t<\/p>\n\t<\/div>\n\t<div class=\"form-group col_05\">\n\t\t<p><span class=\"wpcf7-form-control-wrap\" data-name=\"your-phone\"><input size=\"40\" maxlength=\"400\" class=\"wpcf7-form-control wpcf7-tel wpcf7-validates-as-required wpcf7-text wpcf7-validates-as-tel\" id=\"franquicias_form_phone\" aria-required=\"true\" aria-invalid=\"false\" placeholder=\"Tu tel\u00e9fono *\" value=\"\" type=\"tel\" name=\"your-phone\" \/><\/span>\n\t\t<\/p>\n\t<\/div>\n\t<div class=\"form-group col_05\">\n\t\t<p><span class=\"wpcf7-form-control-wrap\" data-name=\"your-zone\"><input size=\"40\" maxlength=\"400\" class=\"wpcf7-form-control wpcf7-text wpcf7-validates-as-required\" id=\"franquicias_form_zone\" aria-required=\"true\" aria-invalid=\"false\" placeholder=\"Zona de inter\u00e9s *\" value=\"\" type=\"text\" name=\"your-zone\" \/><\/span>\n\t\t<\/p>\n\t<\/div>\n<\/div>\n<div class=\"row\">\n\t<div class=\"form-group\">\n\t\t<p><span class=\"wpcf7-form-control-wrap\" data-name=\"your-email\"><input size=\"40\" maxlength=\"400\" class=\"wpcf7-form-control wpcf7-email wpcf7-validates-as-required wpcf7-text wpcf7-validates-as-email\" id=\"franquicias_form_email\" aria-required=\"true\" aria-invalid=\"false\" placeholder=\"Email *\" value=\"\" type=\"email\" name=\"your-email\" \/><\/span>\n\t\t<\/p>\n\t\t<div class=\"bt_submit pseudo-submit\" id=\"franquicias_form_submit_overlapped\" onclick=\"jQuery('.form_franquicias form input[type=submit]').click();\">\n\t\t\t<p>enviar <img decoding=\"async\" src=\"https:\/\/alfuego.com.ar\/site\/wp-content\/themes\/dt-the7-af\/imgs\/arrow_right.png\" alt=\"\" \/>\n\t\t\t<\/p>\n\t\t<\/div>\n\t<\/div>\n\t<div class=\"cleaner\">\n\t<\/div>\n<\/div>\n<div class=\"row\">\n\t<div class=\"bt_submit\" id=\"franquicias_form_submit\" onclick=\"jQuery('.form_franquicias form input[type=submit]').click();\">\n\t\t<p>enviar <img decoding=\"async\" src=\"https:\/\/alfuego.com.ar\/site\/wp-content\/themes\/dt-the7-af\/imgs\/arrow_right.png\" alt=\"\" \/>\n\t\t<\/p>\n\t<\/div>\n\t<p><input class=\"wpcf7-form-control wpcf7-submit has-spinner\" type=\"submit\" value=\"Enviar\" \/>\n\t<\/p>\n<\/div><div class=\"wpcf7-response-output\" aria-hidden=\"true\"><\/div>\n<\/form>\n<\/div>\n<\/div>\n<p>[\/vc_column_text][vc_column_text]<\/p>\n<div class=\"sm\"><a href=\"https:\/\/www.linkedin.com\/company\/al-fuego-tienda-de-carne\/\" target=\"_blank\" rel=\"noopener\"><img decoding=\"async\" src=\"https:\/\/www.alfuego.com.ar\/site\/wp-content\/themes\/dt-the7-af\/imgs\/icon_linkedin.png\" alt=\"linkedIn\" \/><\/a><\/div>\n<p>[\/vc_column_text][\/vc_column][\/vc_row]<\/p>\n<\/div>","protected":false},"excerpt":{"rendered":"<p>[vc_row type=\u00bbvc_default\u00bb full_width=\u00bbstretch_row\u00bb content_placement=\u00bbbottom\u00bb bg_type=\u00bbimage\u00bb bg_override=\u00bbfull\u00bb el_class=\u00bbstripe_header\u00bb css=\u00bb.vc_custom_1616095812430{background-image: url(https:\/\/alfuego.com.ar\/site\/wp-content\/uploads\/2021\/03\/header_franquicias3.jpg?id=551) !important;background-position: center !important;background-repeat: no-repeat !important;background-size: cover !important;}\u00bb][vc_column][vc_single_image image=\u00bb1429&#8243; img_size=\u00bbfull\u00bb alignment=\u00bbcenter\u00bb css=\u00bb\u00bb image_hovers=\u00bbfalse\u00bb][vc_empty_space height=\u00bb100px\u00bb][vc_column_text] FRANQUICIASAL FUEGO [\/vc_column_text][\/vc_column][\/vc_row][vc_row type=\u00bbvc_default\u00bb full_width=\u00bbstretch_row\u00bb content_placement=\u00bbtop\u00bb el_class=\u00bbfranquicias_presentacion\u00bb css=\u00bb.vc_custom_1615997965886{background-image: url(https:\/\/alfuego.com.ar\/site\/wp-content\/uploads\/2021\/03\/franquicias_presentation_bg.jpg?id=172) !important;background-position: center !important;background-repeat: no-repeat !important;background-size: cover !important;}\u00bb][vc_column][vc_column_text css=\u00bb\u00bb]A\u00f1os de desarrollo, crecimiento y perfeccionamiento en la materia, impulsaron a una nueva generaci\u00f3n a participar del&hellip;<\/p>\n","protected":false},"author":2,"featured_media":0,"parent":0,"menu_order":0,"comment_status":"closed","ping_status":"closed","template":"","meta":{"_acf_changed":false,"footnotes":""},"class_list":["post-18","page","type-page","status-publish","hentry","description-off"],"acf":[],"_links":{"self":[{"href":"https:\/\/www.alfuego.com.ar\/site\/wp-json\/wp\/v2\/pages\/18","targetHints":{"allow":["GET"]}}],"collection":[{"href":"https:\/\/www.alfuego.com.ar\/site\/wp-json\/wp\/v2\/pages"}],"about":[{"href":"https:\/\/www.alfuego.com.ar\/site\/wp-json\/wp\/v2\/types\/page"}],"author":[{"embeddable":true,"href":"https:\/\/www.alfuego.com.ar\/site\/wp-json\/wp\/v2\/users\/2"}],"replies":[{"embeddable":true,"href":"https:\/\/www.alfuego.com.ar\/site\/wp-json\/wp\/v2\/comments?post=18"}],"version-history":[{"count":62,"href":"https:\/\/www.alfuego.com.ar\/site\/wp-json\/wp\/v2\/pages\/18\/revisions"}],"predecessor-version":[{"id":1531,"href":"https:\/\/www.alfuego.com.ar\/site\/wp-json\/wp\/v2\/pages\/18\/revisions\/1531"}],"wp:attachment":[{"href":"https:\/\/www.alfuego.com.ar\/site\/wp-json\/wp\/v2\/media?parent=18"}],"curies":[{"name":"wp","href":"https:\/\/api.w.org\/{rel}","templated":true}]}}