{"id":619,"date":"2021-03-19T14:20:15","date_gmt":"2021-03-19T17:20:15","guid":{"rendered":"https:\/\/alfuego.com.ar\/site\/?page_id=619"},"modified":"2025-09-17T16:02:51","modified_gmt":"2025-09-17T19:02:51","slug":"contactos","status":"publish","type":"page","link":"https:\/\/www.alfuego.com.ar\/site\/contactos\/","title":{"rendered":"Contactos"},"content":{"rendered":"<div class=\"wpb-content-wrapper\"><p>[vc_row type=\u00bbvc_default\u00bb full_width=\u00bbstretch_row\u00bb content_placement=\u00bbbottom\u00bb bg_type=\u00bbimage\u00bb bg_override=\u00bbfull\u00bb el_class=\u00bbstripe_header\u00bb css=\u00bb.vc_custom_1616174304338{background-image: url(https:\/\/alfuego.com.ar\/site\/wp-content\/uploads\/2021\/03\/header_contactos.jpg?id=620) !important;background-position: center !important;background-repeat: no-repeat !important;background-size: cover !important;}\u00bb][vc_column][vc_single_image image=\u00bb623&#8243; img_size=\u00bbfull\u00bb alignment=\u00bbcenter\u00bb image_hovers=\u00bbfalse\u00bb el_class=\u00bbcontactos_logo\u00bb][vc_empty_space height=\u00bb100px\u00bb][vc_column_text]<\/p>\n<h1><span class=\"main\">CONTACTOS<\/span><span class=\"sub\">AL FUEGO<\/span><\/h1>\n<p>[\/vc_column_text][\/vc_column][\/vc_row][vc_row el_class=\u00bbstripe-content\u00bb][vc_column width=\u00bb1\/2&#8243;][vc_column_text]<\/p>\n<div class=\"form_contactos\">\n<div class=\"wpcf7 no-js\" id=\"wpcf7-f630-o1\" lang=\"es-ES\" dir=\"ltr\" data-wpcf7-id=\"630\">\n<div class=\"screen-reader-response\"><p role=\"status\" aria-live=\"polite\" aria-atomic=\"true\"><\/p> <ul><\/ul><\/div>\n<form action=\"\/site\/wp-json\/wp\/v2\/pages\/619#wpcf7-f630-o1\" method=\"post\" class=\"wpcf7-form init\" aria-label=\"Formulario de contacto\" novalidate=\"novalidate\" data-status=\"init\">\n<fieldset class=\"hidden-fields-container\"><input type=\"hidden\" name=\"_wpcf7\" value=\"630\" \/><input type=\"hidden\" name=\"_wpcf7_version\" value=\"6.1.5\" \/><input type=\"hidden\" name=\"_wpcf7_locale\" value=\"es_ES\" \/><input type=\"hidden\" name=\"_wpcf7_unit_tag\" value=\"wpcf7-f630-o1\" \/><input type=\"hidden\" name=\"_wpcf7_container_post\" value=\"0\" \/><input type=\"hidden\" name=\"_wpcf7_posted_data_hash\" value=\"\" \/>\n<\/fieldset>\n<div class=\"row\">\n\t<div class=\"form-group col_05\">\n\t\t<p><span class=\"wpcf7-form-control-wrap\" data-name=\"your-name\"><input size=\"40\" maxlength=\"400\" class=\"wpcf7-form-control wpcf7-text wpcf7-validates-as-required\" id=\"franquicias_form_name\" aria-required=\"true\" aria-invalid=\"false\" placeholder=\"Nombre *\" value=\"\" type=\"text\" name=\"your-name\" \/><\/span>\n\t\t<\/p>\n\t<\/div>\n\t<div class=\"form-group col_05\">\n\t\t<p><span class=\"wpcf7-form-control-wrap\" data-name=\"your-surname\"><input size=\"40\" maxlength=\"400\" class=\"wpcf7-form-control wpcf7-text wpcf7-validates-as-required\" id=\"franquicias_form_surname\" aria-required=\"true\" aria-invalid=\"false\" placeholder=\"Apellido *\" value=\"\" type=\"text\" name=\"your-surname\" \/><\/span>\n\t\t<\/p>\n\t<\/div>\n<\/div>\n<div class=\"row\">\n\t<div class=\"form-group\">\n\t\t<p><span class=\"wpcf7-form-control-wrap\" data-name=\"your-email\"><input size=\"40\" maxlength=\"400\" class=\"wpcf7-form-control wpcf7-email wpcf7-validates-as-required wpcf7-text wpcf7-validates-as-email\" id=\"franquicias_form_email\" aria-required=\"true\" aria-invalid=\"false\" placeholder=\"Email *\" value=\"\" type=\"email\" name=\"your-email\" \/><\/span>\n\t\t<\/p>\n\t<\/div>\n<\/div>\n<div class=\"row\">\n\t<div class=\"form-group custom-select\">\n\t\t<p><span class=\"wpcf7-form-control-wrap\" data-name=\"your-recipient\"><select class=\"wpcf7-form-control wpcf7-select\" aria-invalid=\"false\" name=\"your-recipient\"><option value=\"Consulta\">Consulta<\/option><option value=\"Reclamo\">Reclamo<\/option><option value=\"Sugerencia\">Sugerencia<\/option><option value=\"Otro\">Otro<\/option><\/select><\/span>\n\t\t<\/p>\n\t<\/div>\n<\/div>\n<div class=\"row\">\n\t<div class=\"form-group\">\n\t\t<p><span class=\"wpcf7-form-control-wrap\" data-name=\"your-phone\"><input size=\"40\" maxlength=\"400\" class=\"wpcf7-form-control wpcf7-tel wpcf7-validates-as-required wpcf7-text wpcf7-validates-as-tel\" id=\"franquicias_form_phone\" aria-required=\"true\" aria-invalid=\"false\" placeholder=\"Tel\u00e9fono de contacto *\" value=\"\" type=\"tel\" name=\"your-phone\" \/><\/span>\n\t\t<\/p>\n\t<\/div>\n<\/div>\n<div class=\"row\">\n\t<div class=\"form-group\">\n\t\t<p><span class=\"wpcf7-form-control-wrap\" data-name=\"your-message\"><textarea cols=\"40\" rows=\"10\" maxlength=\"2000\" class=\"wpcf7-form-control wpcf7-textarea wpcf7-validates-as-required\" aria-required=\"true\" aria-invalid=\"false\" placeholder=\"Mensaje *\" name=\"your-message\"><\/textarea><\/span>\n\t\t<\/p>\n\t<\/div>\n<\/div>\n<div class=\"row onRight\">\n\t<div class=\"bt_submit\" id=\"franquicias_form_submit\" onclick=\"jQuery('.form_contactos form input[type=submit]').click();\">\n\t\t<p>enviar <img decoding=\"async\" src=\"https:\/\/alfuego.com.ar\/site\/wp-content\/themes\/dt-the7-af\/imgs\/arrow_right.png\" alt=\"\" \/>\n\t\t<\/p>\n\t<\/div>\n\t<p><input class=\"wpcf7-form-control wpcf7-submit has-spinner\" type=\"submit\" value=\"Enviar\" \/>\n\t<\/p>\n<\/div><div class=\"wpcf7-response-output\" aria-hidden=\"true\"><\/div>\n<\/form>\n<\/div>\n<\/div>\n<p>[\/vc_column_text][\/vc_column][vc_column width=\u00bb1\/2&#8243;][vc_column_text css=\u00bb\u00bb]<\/p>\n<p class=\"big\">Por temas relacionados con <strong>consultas<\/strong>, <strong>reclamos<\/strong> o <strong>sugerencias<\/strong>, completa el siguiente formulario y te responderemos a la brevedad.<\/p>\n<p class=\"big\">Por consultas relacionadas a horarios, precios y promociones de nuestras <strong>Tiendas de Carnes<\/strong> pod\u00e9s visitar nuestro perfil en redes sociales y all\u00ed encontrar\u00e1s todos los datos de contacto.<\/p>\n<p class=\"big\">Por franquicias escribinos a <a href=\"mailto:franquicias@alfuego.com.ar\" target=\"_blank\" rel=\"noopener\"><strong>franquicias@alfuego.com.ar<\/strong><\/a><\/p>\n<p>[\/vc_column_text][\/vc_column][\/vc_row]<\/p>\n<\/div>","protected":false},"excerpt":{"rendered":"<p>[vc_row type=\u00bbvc_default\u00bb full_width=\u00bbstretch_row\u00bb content_placement=\u00bbbottom\u00bb bg_type=\u00bbimage\u00bb bg_override=\u00bbfull\u00bb el_class=\u00bbstripe_header\u00bb css=\u00bb.vc_custom_1616174304338{background-image: url(https:\/\/alfuego.com.ar\/site\/wp-content\/uploads\/2021\/03\/header_contactos.jpg?id=620) !important;background-position: center !important;background-repeat: no-repeat !important;background-size: cover !important;}\u00bb][vc_column][vc_single_image image=\u00bb623&#8243; img_size=\u00bbfull\u00bb alignment=\u00bbcenter\u00bb image_hovers=\u00bbfalse\u00bb el_class=\u00bbcontactos_logo\u00bb][vc_empty_space height=\u00bb100px\u00bb][vc_column_text] CONTACTOSAL FUEGO [\/vc_column_text][\/vc_column][\/vc_row][vc_row el_class=\u00bbstripe-content\u00bb][vc_column width=\u00bb1\/2&#8243;][vc_column_text] [\/vc_column_text][\/vc_column][vc_column width=\u00bb1\/2&#8243;][vc_column_text css=\u00bb\u00bb] Por temas relacionados con consultas, reclamos o sugerencias, completa el siguiente formulario y te responderemos a la brevedad. Por consultas relacionadas a horarios, precios y&hellip;<\/p>\n","protected":false},"author":2,"featured_media":0,"parent":0,"menu_order":0,"comment_status":"closed","ping_status":"closed","template":"","meta":{"_acf_changed":false,"footnotes":""},"class_list":["post-619","page","type-page","status-publish","hentry","description-off"],"acf":[],"_links":{"self":[{"href":"https:\/\/www.alfuego.com.ar\/site\/wp-json\/wp\/v2\/pages\/619","targetHints":{"allow":["GET"]}}],"collection":[{"href":"https:\/\/www.alfuego.com.ar\/site\/wp-json\/wp\/v2\/pages"}],"about":[{"href":"https:\/\/www.alfuego.com.ar\/site\/wp-json\/wp\/v2\/types\/page"}],"author":[{"embeddable":true,"href":"https:\/\/www.alfuego.com.ar\/site\/wp-json\/wp\/v2\/users\/2"}],"replies":[{"embeddable":true,"href":"https:\/\/www.alfuego.com.ar\/site\/wp-json\/wp\/v2\/comments?post=619"}],"version-history":[{"count":13,"href":"https:\/\/www.alfuego.com.ar\/site\/wp-json\/wp\/v2\/pages\/619\/revisions"}],"predecessor-version":[{"id":1530,"href":"https:\/\/www.alfuego.com.ar\/site\/wp-json\/wp\/v2\/pages\/619\/revisions\/1530"}],"wp:attachment":[{"href":"https:\/\/www.alfuego.com.ar\/site\/wp-json\/wp\/v2\/media?parent=619"}],"curies":[{"name":"wp","href":"https:\/\/api.w.org\/{rel}","templated":true}]}}